{"id":545,"date":"2016-01-19T07:29:41","date_gmt":"2016-01-19T07:29:41","guid":{"rendered":"http:\/\/crimina.es\/crimipedia\/?page_id=545"},"modified":"2021-06-22T13:07:52","modified_gmt":"2021-06-22T11:07:52","slug":"normas-editoriales-para-publicar-en-crimipedia","status":"publish","type":"page","link":"https:\/\/crimipedia.umh.es\/ca\/normas-editoriales-para-publicar-en-crimipedia\/","title":{"rendered":"Normas editoriales para publicar en Crimipedia"},"content":{"rendered":"<p><\/p>\n<h3>Introducci\u00f3n<\/h3>\n<p><strong>Crimipedia es el primer glosario cient\u00edfico y en castellano de conceptos relacionados con las ciencias del crimen y la seguridad<\/strong>, comprendiendo tanto las dimensiones te\u00f3ricas como las aproximaciones m\u00e1s pr\u00e1cticas. Todo ello, con el objetivo de generar una plataforma digital y colaborativa que cubra las necesidades bibliogr\u00e1ficas de los profesionales de la criminolog\u00eda y la seguridad, al igual que de todos aquellos interesados en estas \u00e1reas de conocimiento.<\/p>\n<p><strong>Elaborada por el Centro Crimina<\/strong> para el estudio y prevenci\u00f3n de la delincuencia de la Universidad Miguel Hern\u00e1ndez, este proyecto pretende convertirse en una obra en l\u00ednea, en permanente evoluci\u00f3n y de referencia en habla hispana en el \u00e1mbito criminol\u00f3gico, que aprovechando la gran variedad de posibilidades que ofrece la Web 2.0, proporciona un novedoso m\u00e9todo de ense\u00f1anza aprendizaje. <strong>Los t\u00e9rminos en ella recogidos son desarrollados por los estudiantes matriculados en los t\u00edtulos de posgrado<\/strong> del Centro Cr\u00edmina de la Universidad Miguel Hern\u00e1ndez, a s \u00ed c o m o por <strong>profesores e investigadores de esta instituci\u00f3n e internacionales de gran prestigio<\/strong>, colaboradores habituales de Cr\u00edmina. Todo ello, <strong>supervisado por un comit\u00e9 cient\u00edfico<\/strong> que asegure la m\u00e1xima calidad de las entradas. De manera inicial Crimipedia ha recogido t\u00e9rminos relacionados con las \u00e1reas de inter\u00e9s del M\u00e1ster oficial en Intervenci\u00f3n Criminol\u00f3gica y Victimol\u00f3gica (MICv) y con el M\u00e1ster oficial en An\u00e1lisis y Prevenci\u00f3n del Crimen (MAPc), centr\u00e1ndose en contenidos de car\u00e1cter criminol\u00f3gico y victimol\u00f3gico; sin embargo, confiamos en que cada vez ser\u00e1n m\u00e1s las instituciones que colaboren con nuevas sugerencias en este proyecto.<\/p>\n<h3>Estructura de los t\u00e9rminos<\/h3>\n<ul>\n<li>T\u00e9rmino<\/li>\n<li>Autor<\/li>\n<li>Resumen (Abstract)<\/li>\n<li>Imagen representativa del t\u00e9rmino.<\/li>\n<li>Desarrollo del t\u00e9rmino<\/li>\n<li>Temas relacionados <sup><a id=\"r1\" href=\"#fn1\">(1)<\/a><\/sup><\/li>\n<li>Referencias externas<\/li>\n<li>Bibliograf\u00eda<\/li>\n<li>Notas<\/li>\n<\/ul>\n<h3>Caracter\u00edsticas formales<\/h3>\n<ul>\n<li>El documento base contendr\u00e1 los elementos indicados en el punto anterior y se desarrollar\u00e1, para su correcci\u00f3n, en formato Word (en cualquiera de sus versiones).<\/li>\n<li>El autor se identificar\u00e1 con apellidos y nombre.<\/li>\n<li>El resumen, en espa\u00f1ol, tendr\u00e1 una extensi\u00f3n\u00a0m\u00e1xima de 150 palabras y m\u00ednima de 100.<\/li>\n<li>La imagen incluida debe ser representativa del t\u00e9rmino, con un tama\u00f1o aproximado de 600px de ancho (tama\u00f1o mediado en google). Es importante que indiqu\u00e9is el nombre de la imagen, el evento que representa (si se da el caso) y el autor, si es necesario, debido a los derechos de imagen.<\/li>\n<li>El apartado \u201cTemas\u201d hace referencia a la tem\u00e1tica transversal con la que el t\u00e9rmino puede estar relacionado. Cada uno de los apartados podr\u00e1 contener el n\u00famero de subapartados que el autor estime necesario.<\/li>\n<li>El desarrollo del t\u00e9rmino tendr\u00e1 una extensi\u00f3n de entre 4.000 y 5.000 palabras, no se incluir\u00e1n en este l\u00edmite ning\u00fan otro apartado, ni resumen, ni bibliograf\u00eda, notas, etc.<\/li>\n<li>La elaboraci\u00f3n del apartado \u201cTemas relacionados\u201d se llevar\u00e1 a cabo seleccionando una serie de palabras del listado propuesto por el centro. Si el alumno considera que existe un vocablo m\u00e1s adecuado que no se encuentra recogido podr\u00e1 proponerlo. El supervisor del t\u00e9rmino revisar\u00e1 que los temas elegidos sean los correctos.<\/li>\n<li>Pueden incluirse referencias externas a otras webs o documentos.<\/li>\n<li>Contendr\u00e1 una bibliograf\u00eda con los documentos citados en el desarrollo del t\u00e9rmino (normativa <span class=\"caps\">APA<\/span> 6a).<\/li>\n<li>Finalmente se incluir\u00e1n notas que ampl\u00eden o acoten las definiciones o aclaren t\u00e9rminos o ideas. En caso de utilizar alguna imagen no debe estar sujeta a copyright o en su caso, debe ser original.<\/li>\n<\/ul>\n<h3>Procedimiento<\/h3>\n<ol>\n<li>Elecci\u00f3n de un t\u00e9rmino que a\u00fan no est\u00e9 incluido en la base de datos: Cr\u00edmina dispone de una lista de t\u00e9rminos a\u00fan por cubrir que se puede solicitar.<\/li>\n<li>Elaboraci\u00f3n del documento.<\/li>\n<li>Remisi\u00f3n del documento al correo <a href=\"mailto:crimipedia@crimina.es\">crimipedia@crimina.es<\/a>.<\/li>\n<li>Evaluaci\u00f3n de la entrada por parte del comit\u00e9 cient\u00edfico de Crimipedia.<\/li>\n<li>El documento puede ser rechazado, aceptado o aceptado de modo condicional a ser modificado a partir de las correcciones y sugerencias indicadas por los evaluadores. Todo ello le ser\u00e1 indicado al autor a trav\u00e9s de las v\u00edas de contacto aportadas.<\/li>\n<li>Implementaci\u00f3n en la web <a href=\"http:\/\/www.crimipedia.es\">http:\/\/www.crimipedia.es<\/a><\/li>\n<\/ol>\n<p id=\"fn1\"><a href=\"#r1\">(1)<\/a><small>El apartado \u201cTemas\u201d hace referencia a la tem\u00e1tica transversal con la que el t\u00e9rmino puede estar relacionado. Cada uno de los apartados podr\u00e1 contener el n\u00famero de subapartados que el autor estime necesario.<\/small><\/p>\n<p><\/p>","protected":false},"excerpt":{"rendered":"<p>Introducci\u00f3n Crimipedia es el primer glosario cient\u00edfico y en castellano de conceptos relacionados con las ciencias del crimen y la seguridad, comprendiendo tanto las dimensiones te\u00f3ricas como las aproximaciones m\u00e1s pr\u00e1cticas. Todo ello, con el objetivo de generar una plataforma digital y colaborativa que cubra las necesidades bibliogr\u00e1ficas de los profesionales de la criminolog\u00eda y [&hellip;]<\/p>\n","protected":false},"author":1159,"featured_media":0,"parent":0,"menu_order":0,"comment_status":"closed","ping_status":"closed","template":"","meta":{"_links_to":"","_links_to_target":""},"_links":{"self":[{"href":"https:\/\/crimipedia.umh.es\/ca\/wp-json\/wp\/v2\/pages\/545"}],"collection":[{"href":"https:\/\/crimipedia.umh.es\/ca\/wp-json\/wp\/v2\/pages"}],"about":[{"href":"https:\/\/crimipedia.umh.es\/ca\/wp-json\/wp\/v2\/types\/page"}],"author":[{"embeddable":true,"href":"https:\/\/crimipedia.umh.es\/ca\/wp-json\/wp\/v2\/users\/1159"}],"replies":[{"embeddable":true,"href":"https:\/\/crimipedia.umh.es\/ca\/wp-json\/wp\/v2\/comments?post=545"}],"version-history":[{"count":0,"href":"https:\/\/crimipedia.umh.es\/ca\/wp-json\/wp\/v2\/pages\/545\/revisions"}],"wp:attachment":[{"href":"https:\/\/crimipedia.umh.es\/ca\/wp-json\/wp\/v2\/media?parent=545"}],"curies":[{"name":"wp","href":"https:\/\/api.w.org\/{rel}","templated":true}]}}