{"id":1332,"date":"2019-01-14T12:21:09","date_gmt":"2019-01-14T12:21:09","guid":{"rendered":"http:\/\/crimina.es\/crimipedia\/?page_id=1332"},"modified":"2019-01-14T12:21:09","modified_gmt":"2019-01-14T12:21:09","slug":"quienes-somos","status":"publish","type":"page","link":"https:\/\/crimipedia.umh.es\/ca\/quienes-somos\/","title":{"rendered":"Qui\u00e9nes somos"},"content":{"rendered":"<p>Cr\u00edmina es un centro de investigaci\u00f3n y formaci\u00f3n criminol\u00f3gica de la Universidad Miguel Hern\u00e1ndez.<\/p>\n<p>Conformado por juristas, crimin\u00f3logos, psic\u00f3logos, investigadores de distintos \u00e1mbitos, as\u00ed como polic\u00edas y profesionales de la seguridad, Cr\u00edmina realiza investigaci\u00f3n cient\u00edfica especializada en criminolog\u00eda aplicada a la prevenci\u00f3n y el tratamiento de la delincuencia. En su faceta formativa, Cr\u00edmina presenta una amplia oferta para la especializaci\u00f3n de los profesionales relacionados con la prevenci\u00f3n y tratamiento de la delincuencia.<\/p>\n<p>Encuentra <a href=\"http:\/\/crimina.es\">AQU\u00cd<\/a> m\u00e1s informaci\u00f3n sobre el Centro Cr\u00edmina para el estudio y prevenci\u00f3n de la delincuencia.<\/p>\n<p>&nbsp;<\/p>\n<p>&nbsp;<\/p>\n<p>&nbsp;<\/p>\n<p>&nbsp;<\/p>\n","protected":false},"excerpt":{"rendered":"<p>Cr\u00edmina es un centro de investigaci\u00f3n y formaci\u00f3n criminol\u00f3gica de la Universidad Miguel Hern\u00e1ndez. Conformado por juristas, crimin\u00f3logos, psic\u00f3logos, investigadores de distintos \u00e1mbitos, as\u00ed como polic\u00edas y profesionales de la seguridad, Cr\u00edmina realiza investigaci\u00f3n cient\u00edfica especializada en criminolog\u00eda aplicada a la prevenci\u00f3n y el tratamiento de la delincuencia. En su faceta formativa, Cr\u00edmina presenta una [&hellip;]<\/p>\n","protected":false},"author":1159,"featured_media":0,"parent":0,"menu_order":0,"comment_status":"closed","ping_status":"closed","template":"","meta":{"_links_to":"","_links_to_target":""},"_links":{"self":[{"href":"https:\/\/crimipedia.umh.es\/ca\/wp-json\/wp\/v2\/pages\/1332"}],"collection":[{"href":"https:\/\/crimipedia.umh.es\/ca\/wp-json\/wp\/v2\/pages"}],"about":[{"href":"https:\/\/crimipedia.umh.es\/ca\/wp-json\/wp\/v2\/types\/page"}],"author":[{"embeddable":true,"href":"https:\/\/crimipedia.umh.es\/ca\/wp-json\/wp\/v2\/users\/1159"}],"replies":[{"embeddable":true,"href":"https:\/\/crimipedia.umh.es\/ca\/wp-json\/wp\/v2\/comments?post=1332"}],"version-history":[{"count":0,"href":"https:\/\/crimipedia.umh.es\/ca\/wp-json\/wp\/v2\/pages\/1332\/revisions"}],"wp:attachment":[{"href":"https:\/\/crimipedia.umh.es\/ca\/wp-json\/wp\/v2\/media?parent=1332"}],"curies":[{"name":"wp","href":"https:\/\/api.w.org\/{rel}","templated":true}]}}